{"id":8,"date":"2021-06-30T06:39:22","date_gmt":"2021-06-30T06:39:22","guid":{"rendered":"https:\/\/gasmester.com\/?page_id=8"},"modified":"2021-06-30T09:50:14","modified_gmt":"2021-06-30T09:50:14","slug":"the-new-umoma-opens-its-doors-2","status":"publish","type":"page","link":"https:\/\/gasmester.com\/","title":{"rendered":"30 \u00e5rs erfaring"},"content":{"rendered":"\t\t<div data-elementor-type=\"wp-page\" data-elementor-id=\"8\" class=\"elementor elementor-8\">\n\t\t\t\t\t\t<section class=\"elementor-section elementor-top-section elementor-element elementor-element-5a3c6249 elementor-section-boxed elementor-section-height-default elementor-section-height-default\" data-id=\"5a3c6249\" data-element_type=\"section\">\n\t\t\t\t\t\t<div class=\"elementor-container elementor-column-gap-default\">\n\t\t\t\t\t<div class=\"elementor-column elementor-col-100 elementor-top-column elementor-element elementor-element-6393e2ab\" data-id=\"6393e2ab\" data-element_type=\"column\">\n\t\t\t<div class=\"elementor-widget-wrap elementor-element-populated\">\n\t\t\t\t\t\t<div class=\"elementor-element elementor-element-3ed7dd1d elementor-widget elementor-widget-text-editor\" data-id=\"3ed7dd1d\" data-element_type=\"widget\" data-widget_type=\"text-editor.default\">\n\t\t\t\t<div class=\"elementor-widget-container\">\n\t\t\t\t\t\t\t\t\t\n<div class=\"wp-block-group alignwide\"><div class=\"wp-block-group__inner-container is-layout-flow wp-block-group-is-layout-flow\">\n<h2 class=\"has-text-align-center wp-block-heading\">Bred faglig ekspertise med service som n\u00f8gleord<\/h2>\n<\/div><\/div>\n\n\n\n<div class=\"wp-block-columns alignwide is-layout-flex wp-container-core-columns-is-layout-9d6595d7 wp-block-columns-is-layout-flex\">\n<div class=\"wp-block-column is-layout-flow wp-block-column-is-layout-flow\">\n<div class=\"wp-block-group\"><div class=\"wp-block-group__inner-container is-layout-flow wp-block-group-is-layout-flow\">\n<figure class=\"wp-block-image alignfull size-large\"><img fetchpriority=\"high\" decoding=\"async\" width=\"538\" height=\"94\" src=\"https:\/\/kcit.dk\/gasmester\/wp-content\/uploads\/2021\/06\/weis-1.png\" alt=\"\" class=\"wp-image-39\" srcset=\"https:\/\/gasmester.com\/wp-content\/uploads\/2021\/06\/weis-1.png 538w, https:\/\/gasmester.com\/wp-content\/uploads\/2021\/06\/weis-1-300x52.png 300w\" sizes=\"(max-width: 538px) 100vw, 538px\" \/><\/figure>\n<\/div><\/div>\n<\/div>\n\n\n\n<div class=\"wp-block-column is-layout-flow wp-block-column-is-layout-flow\">\n<div class=\"wp-block-group\"><div class=\"wp-block-group__inner-container is-layout-flow wp-block-group-is-layout-flow\">\n<figure class=\"wp-block-image alignfull size-large\"><img decoding=\"async\" width=\"1024\" height=\"297\" src=\"https:\/\/kcit.dk\/gasmester\/wp-content\/uploads\/2021\/06\/Viessmann_logo_slogan-1024x297.png\" alt=\"\" class=\"wp-image-42\" srcset=\"https:\/\/gasmester.com\/wp-content\/uploads\/2021\/06\/Viessmann_logo_slogan-1024x297.png 1024w, https:\/\/gasmester.com\/wp-content\/uploads\/2021\/06\/Viessmann_logo_slogan-300x87.png 300w, https:\/\/gasmester.com\/wp-content\/uploads\/2021\/06\/Viessmann_logo_slogan-768x223.png 768w, https:\/\/gasmester.com\/wp-content\/uploads\/2021\/06\/Viessmann_logo_slogan-1536x446.png 1536w, https:\/\/gasmester.com\/wp-content\/uploads\/2021\/06\/Viessmann_logo_slogan-2048x594.png 2048w, https:\/\/gasmester.com\/wp-content\/uploads\/2021\/06\/Viessmann_logo_slogan-1200x348.png 1200w, https:\/\/gasmester.com\/wp-content\/uploads\/2021\/06\/Viessmann_logo_slogan-1980x574.png 1980w\" sizes=\"(max-width: 1024px) 100vw, 1024px\" \/><\/figure>\n<\/div><\/div>\n<\/div>\n<\/div>\n\n\n\n<h2 class=\"wp-block-heading\">UDSKIFTNING AF GAS, VVS, VARMEPUMPER, OLIEFYRSERVICE I NORDVESTJYLLAND<\/h2>\n\n\n\n<p>Firmaet besk\u00e6ftiger sig med alt indenfor VVS, naturgas, olie og alternativ energi, som fastbr\u00e6ndsel, jordvarme, varmepumper og solenergi.<br>Med baggrund som VVS tekniker og med installat\u00f8ruddannelsen er firmaet godt kl\u00e6dt p\u00e5 til, at tilbyde kunden en bred og faglig ekspertise med service som n\u00f8gleord.<\/p>\n\t\t\t\t\t\t\t\t<\/div>\n\t\t\t\t<\/div>\n\t\t\t\t\t<\/div>\n\t\t<\/div>\n\t\t\t\t\t<\/div>\n\t\t<\/section>\n\t\t\t\t<\/div>\n\t\t","protected":false},"excerpt":{"rendered":"<p>Bred faglig ekspertise med service som n\u00f8gleord UDSKIFTNING AF GAS, VVS, VARMEPUMPER, OLIEFYRSERVICE I NORDVESTJYLLAND Firmaet besk\u00e6ftiger sig med alt indenfor VVS, naturgas, olie og alternativ energi, som fastbr\u00e6ndsel, jordvarme, varmepumper og solenergi.Med baggrund som VVS tekniker og med installat\u00f8ruddannelsen er firmaet godt kl\u00e6dt p\u00e5 til, at tilbyde kunden en bred og faglig ekspertise med [&hellip;]<\/p>\n","protected":false},"author":1,"featured_media":63,"parent":0,"menu_order":0,"comment_status":"closed","ping_status":"closed","template":"template\/template-page-full-width.php","meta":{"footnotes":""},"class_list":["post-8","page","type-page","status-publish","has-post-thumbnail","hentry"],"yoast_head":"<!-- This site is optimized with the Yoast SEO plugin v24.7 - https:\/\/yoast.com\/wordpress\/plugins\/seo\/ -->\n<title>30 \u00e5rs erfaring - Gasmester.com - Tommy Nielsen<\/title>\n<meta name=\"robots\" content=\"index, follow, max-snippet:-1, max-image-preview:large, max-video-preview:-1\" \/>\n<link rel=\"canonical\" href=\"https:\/\/gasmester.com\/\" \/>\n<meta property=\"og:locale\" content=\"da_DK\" \/>\n<meta property=\"og:type\" content=\"article\" \/>\n<meta property=\"og:title\" content=\"30 \u00e5rs erfaring - Gasmester.com - Tommy Nielsen\" \/>\n<meta property=\"og:description\" content=\"Bred faglig ekspertise med service som n\u00f8gleord UDSKIFTNING AF GAS, VVS, VARMEPUMPER, OLIEFYRSERVICE I NORDVESTJYLLAND Firmaet besk\u00e6ftiger sig med alt indenfor VVS, naturgas, olie og alternativ energi, som fastbr\u00e6ndsel, jordvarme, varmepumper og solenergi.Med baggrund som VVS tekniker og med installat\u00f8ruddannelsen er firmaet godt kl\u00e6dt p\u00e5 til, at tilbyde kunden en bred og faglig ekspertise med [&hellip;]\" \/>\n<meta property=\"og:url\" content=\"https:\/\/gasmester.com\/\" \/>\n<meta property=\"og:site_name\" content=\"Gasmester.com - Tommy Nielsen\" \/>\n<meta property=\"article:modified_time\" content=\"2021-06-30T09:50:14+00:00\" \/>\n<meta property=\"og:image\" content=\"https:\/\/gasmester.com\/wp-content\/uploads\/2021\/06\/forside.png\" \/>\n\t<meta property=\"og:image:width\" content=\"737\" \/>\n\t<meta property=\"og:image:height\" content=\"282\" \/>\n\t<meta property=\"og:image:type\" content=\"image\/png\" \/>\n<meta name=\"twitter:card\" content=\"summary_large_image\" \/>\n<meta name=\"twitter:label1\" content=\"Estimeret l\u00e6setid\" \/>\n\t<meta name=\"twitter:data1\" content=\"1 minut\" \/>\n<script type=\"application\/ld+json\" class=\"yoast-schema-graph\">{\"@context\":\"https:\/\/schema.org\",\"@graph\":[{\"@type\":\"WebPage\",\"@id\":\"https:\/\/gasmester.com\/\",\"url\":\"https:\/\/gasmester.com\/\",\"name\":\"30 \u00e5rs erfaring - Gasmester.com - Tommy Nielsen\",\"isPartOf\":{\"@id\":\"\/#website\"},\"primaryImageOfPage\":{\"@id\":\"https:\/\/gasmester.com\/#primaryimage\"},\"image\":{\"@id\":\"https:\/\/gasmester.com\/#primaryimage\"},\"thumbnailUrl\":\"https:\/\/gasmester.com\/wp-content\/uploads\/2021\/06\/forside.png\",\"datePublished\":\"2021-06-30T06:39:22+00:00\",\"dateModified\":\"2021-06-30T09:50:14+00:00\",\"inLanguage\":\"da-DK\",\"potentialAction\":[{\"@type\":\"ReadAction\",\"target\":[\"https:\/\/gasmester.com\/\"]}]},{\"@type\":\"ImageObject\",\"inLanguage\":\"da-DK\",\"@id\":\"https:\/\/gasmester.com\/#primaryimage\",\"url\":\"https:\/\/gasmester.com\/wp-content\/uploads\/2021\/06\/forside.png\",\"contentUrl\":\"https:\/\/gasmester.com\/wp-content\/uploads\/2021\/06\/forside.png\",\"width\":737,\"height\":282},{\"@type\":\"WebSite\",\"@id\":\"\/#website\",\"url\":\"\/\",\"name\":\"Gasmester.com - Tommy Nielsen\",\"description\":\"       Tlf. 40 20 76 32\",\"potentialAction\":[{\"@type\":\"SearchAction\",\"target\":{\"@type\":\"EntryPoint\",\"urlTemplate\":\"\/?s={search_term_string}\"},\"query-input\":{\"@type\":\"PropertyValueSpecification\",\"valueRequired\":true,\"valueName\":\"search_term_string\"}}],\"inLanguage\":\"da-DK\"}]}<\/script>\n<!-- \/ Yoast SEO plugin. -->","yoast_head_json":{"title":"30 \u00e5rs erfaring - Gasmester.com - Tommy Nielsen","robots":{"index":"index","follow":"follow","max-snippet":"max-snippet:-1","max-image-preview":"max-image-preview:large","max-video-preview":"max-video-preview:-1"},"canonical":"https:\/\/gasmester.com\/","og_locale":"da_DK","og_type":"article","og_title":"30 \u00e5rs erfaring - Gasmester.com - Tommy Nielsen","og_description":"Bred faglig ekspertise med service som n\u00f8gleord UDSKIFTNING AF GAS, VVS, VARMEPUMPER, OLIEFYRSERVICE I NORDVESTJYLLAND Firmaet besk\u00e6ftiger sig med alt indenfor VVS, naturgas, olie og alternativ energi, som fastbr\u00e6ndsel, jordvarme, varmepumper og solenergi.Med baggrund som VVS tekniker og med installat\u00f8ruddannelsen er firmaet godt kl\u00e6dt p\u00e5 til, at tilbyde kunden en bred og faglig ekspertise med [&hellip;]","og_url":"https:\/\/gasmester.com\/","og_site_name":"Gasmester.com - Tommy Nielsen","article_modified_time":"2021-06-30T09:50:14+00:00","og_image":[{"width":737,"height":282,"url":"https:\/\/gasmester.com\/wp-content\/uploads\/2021\/06\/forside.png","type":"image\/png"}],"twitter_card":"summary_large_image","twitter_misc":{"Estimeret l\u00e6setid":"1 minut"},"schema":{"@context":"https:\/\/schema.org","@graph":[{"@type":"WebPage","@id":"https:\/\/gasmester.com\/","url":"https:\/\/gasmester.com\/","name":"30 \u00e5rs erfaring - Gasmester.com - Tommy Nielsen","isPartOf":{"@id":"\/#website"},"primaryImageOfPage":{"@id":"https:\/\/gasmester.com\/#primaryimage"},"image":{"@id":"https:\/\/gasmester.com\/#primaryimage"},"thumbnailUrl":"https:\/\/gasmester.com\/wp-content\/uploads\/2021\/06\/forside.png","datePublished":"2021-06-30T06:39:22+00:00","dateModified":"2021-06-30T09:50:14+00:00","inLanguage":"da-DK","potentialAction":[{"@type":"ReadAction","target":["https:\/\/gasmester.com\/"]}]},{"@type":"ImageObject","inLanguage":"da-DK","@id":"https:\/\/gasmester.com\/#primaryimage","url":"https:\/\/gasmester.com\/wp-content\/uploads\/2021\/06\/forside.png","contentUrl":"https:\/\/gasmester.com\/wp-content\/uploads\/2021\/06\/forside.png","width":737,"height":282},{"@type":"WebSite","@id":"\/#website","url":"\/","name":"Gasmester.com - Tommy Nielsen","description":"       Tlf. 40 20 76 32","potentialAction":[{"@type":"SearchAction","target":{"@type":"EntryPoint","urlTemplate":"\/?s={search_term_string}"},"query-input":{"@type":"PropertyValueSpecification","valueRequired":true,"valueName":"search_term_string"}}],"inLanguage":"da-DK"}]}},"_links":{"self":[{"href":"https:\/\/gasmester.com\/index.php\/wp-json\/wp\/v2\/pages\/8","targetHints":{"allow":["GET"]}}],"collection":[{"href":"https:\/\/gasmester.com\/index.php\/wp-json\/wp\/v2\/pages"}],"about":[{"href":"https:\/\/gasmester.com\/index.php\/wp-json\/wp\/v2\/types\/page"}],"author":[{"embeddable":true,"href":"https:\/\/gasmester.com\/index.php\/wp-json\/wp\/v2\/users\/1"}],"replies":[{"embeddable":true,"href":"https:\/\/gasmester.com\/index.php\/wp-json\/wp\/v2\/comments?post=8"}],"version-history":[{"count":14,"href":"https:\/\/gasmester.com\/index.php\/wp-json\/wp\/v2\/pages\/8\/revisions"}],"predecessor-version":[{"id":71,"href":"https:\/\/gasmester.com\/index.php\/wp-json\/wp\/v2\/pages\/8\/revisions\/71"}],"wp:featuredmedia":[{"embeddable":true,"href":"https:\/\/gasmester.com\/index.php\/wp-json\/wp\/v2\/media\/63"}],"wp:attachment":[{"href":"https:\/\/gasmester.com\/index.php\/wp-json\/wp\/v2\/media?parent=8"}],"curies":[{"name":"wp","href":"https:\/\/api.w.org\/{rel}","templated":true}]}}